{"id":903,"date":"2014-10-03T10:44:21","date_gmt":"2014-10-03T13:44:21","guid":{"rendered":"https:\/\/dre.crp.ufv.br\/?page_id=903"},"modified":"2025-10-08T09:49:47","modified_gmt":"2025-10-08T12:49:47","slug":"editais-4","status":"publish","type":"page","link":"https:\/\/dre.crp.ufv.br\/?page_id=903","title":{"rendered":"Sele\u00e7\u00e3o de Tutorias"},"content":{"rendered":"\r\n<p>Os Editais de Sele\u00e7\u00e3o de Tutoria s\u00e3o publicados pela Diretoria de Ensino. Consulte abaixo os editais, confira as condi\u00e7\u00f5es e os procedimentos de inscri\u00e7\u00e3o.<\/p>\r\n<p>&nbsp;<\/p>\r\n\r\n\r\n\r\n\r\n\r\n\r\n\r\n<p><a href=\"https:\/\/dre.crp.ufv.br\/wp-content\/uploads\/Edital-de-Selecao-no-01_2025_DRE-Tutor-MAP-199.pdf\"><span style=\"color: #0000ff;\">Edital de Sele\u00e7\u00e3o n\u00ba 01\/2025\/DRE<\/span><\/a><\/p>\r\n<p><b><a href=\"https:\/\/dre.crp.ufv.br\/wp-content\/uploads\/Requerimento-de-Inscricao-Tutoria-6.docx\"><span style=\"color: #0000ff;\">Inscri\u00e7\u00e3o:<\/span><\/a> <span style=\"color: #ff0000;\">30 de janeiro a 16 de mar\u00e7o de 2025.<\/span><\/b><\/p>\r\n\r\n\r\n\r\n<p><a href=\"https:\/\/dre.crp.ufv.br\/wp-content\/uploads\/Requerimento-de-Inscricao-Tutoria-6.docx\"><span style=\"color: #0000ff;\">Requerimento de Inscri\u00e7\u00e3o<\/span><\/a><\/p>\r\n\r\n\r\n\r\n<p><span style=\"color: #3366ff;\"><span style=\"color: #0000ff;\"><a href=\"https:\/\/dre.crp.ufv.br\/wp-content\/uploads\/ATA-de-Selecao-MAP-199.pdf\"><span style=\"color: #0000ff;\">Resultado da Sele\u00e7\u00e3o MAP 199 (C\u00e1lculo I)<\/span><\/a><\/span><\/span><\/p>\r\n<p>&nbsp;<\/p>\r\n<p><strong><a href=\"https:\/\/dre.crp.ufv.br\/?page_id=5570\"><span style=\"color: #0000ff;\">Formul\u00e1rios<\/span><\/a><\/strong><\/p>\r\n<p><a href=\"https:\/\/dre.crp.ufv.br\/?page_id=5568\"><strong><span style=\"color: #0000ff;\">Orienta\u00e7\u00f5es<\/span> <br \/><\/strong><\/a><\/p>\r\n<p>&nbsp;<\/p>\r\n<p><strong>CONTATO:<\/strong><\/p>\r\n\r\n\r\n\r\n<p>Tel: <strong>(34) 3855-9359\u00a0<\/strong><\/p>\r\n\r\n\r\n\r\n<p>E-mail:<strong> monitoriatutoriacrp@ufv.br<\/strong><\/p>\r\n\r\n\r\n\r\n<p>Biblioteca Central \u2013 <strong>Sala BBT 202<\/strong><\/p>\r\n","protected":false},"excerpt":{"rendered":"<p>Os Editais de Sele\u00e7\u00e3o de Tutoria s\u00e3o publicados pela Diretoria de Ensino. Consulte abaixo os editais, confira as condi\u00e7\u00f5es e os procedimentos de inscri\u00e7\u00e3o. &nbsp; Edital de Sele\u00e7\u00e3o n\u00ba 01\/2025\/DRE Inscri\u00e7\u00e3o: 30 de janeiro a 16 de mar\u00e7o de 2025. Requerimento de Inscri\u00e7\u00e3o Resultado da Sele\u00e7\u00e3o MAP 199 (C\u00e1lculo I) &nbsp; Formul\u00e1rios Orienta\u00e7\u00f5es &nbsp; CONTATO: [&hellip;]<\/p>\n","protected":false},"author":4,"featured_media":0,"parent":161,"menu_order":0,"comment_status":"closed","ping_status":"open","template":"","meta":{"footnotes":""},"class_list":["post-903","page","type-page","status-publish","hentry"],"_links":{"self":[{"href":"https:\/\/dre.crp.ufv.br\/index.php?rest_route=\/wp\/v2\/pages\/903","targetHints":{"allow":["GET"]}}],"collection":[{"href":"https:\/\/dre.crp.ufv.br\/index.php?rest_route=\/wp\/v2\/pages"}],"about":[{"href":"https:\/\/dre.crp.ufv.br\/index.php?rest_route=\/wp\/v2\/types\/page"}],"author":[{"embeddable":true,"href":"https:\/\/dre.crp.ufv.br\/index.php?rest_route=\/wp\/v2\/users\/4"}],"replies":[{"embeddable":true,"href":"https:\/\/dre.crp.ufv.br\/index.php?rest_route=%2Fwp%2Fv2%2Fcomments&post=903"}],"version-history":[{"count":794,"href":"https:\/\/dre.crp.ufv.br\/index.php?rest_route=\/wp\/v2\/pages\/903\/revisions"}],"predecessor-version":[{"id":5845,"href":"https:\/\/dre.crp.ufv.br\/index.php?rest_route=\/wp\/v2\/pages\/903\/revisions\/5845"}],"up":[{"embeddable":true,"href":"https:\/\/dre.crp.ufv.br\/index.php?rest_route=\/wp\/v2\/pages\/161"}],"wp:attachment":[{"href":"https:\/\/dre.crp.ufv.br\/index.php?rest_route=%2Fwp%2Fv2%2Fmedia&parent=903"}],"curies":[{"name":"wp","href":"https:\/\/api.w.org\/{rel}","templated":true}]}}