{"id":5469,"date":"2025-03-17T11:56:16","date_gmt":"2025-03-17T14:56:16","guid":{"rendered":"https:\/\/dre.crp.ufv.br\/?page_id=5469"},"modified":"2026-02-27T10:41:38","modified_gmt":"2026-02-27T13:41:38","slug":"monitoria-inclusiva-editais-de-selecao","status":"publish","type":"page","link":"https:\/\/dre.crp.ufv.br\/?page_id=5469","title":{"rendered":"Monitoria Inclusiva &#8211; Editais"},"content":{"rendered":"\r\n<p>Sele\u00e7\u00e3o de Monitoria Inclusiva para 2026\/1<\/p>\r\n<p>Prazo de inscri\u00e7\u00e3o: At\u00e9 15 de mar\u00e7o de 2026<\/p>\r\n<p>Valor da bolsa: R$ 420,00<\/p>\r\n<p><a href=\"https:\/\/dre.crp.ufv.br\/wp-content\/uploads\/Edital_01-2026_Monitor_Inclusivo_Cadastro_Reserva_CRP.docx_assinado.pdf\">Edital Monitoria Inclusiva n\u00ba 01\/2026<\/a><\/p>\r\n<p><a href=\"https:\/\/docs.google.com\/forms\/d\/e\/1FAIpQLSeGuZW3uitrtcdDWLeBENMJdQKkYSXG2OqGHHS-30Fy4NCEdQ\/viewform\">Formul\u00e1rio de Inscri\u00e7\u00e3o<\/a><\/p>\r\n<p>&nbsp;<\/p>\r\n<p><strong>Sele\u00e7\u00e3o de Monitoria Inclusiva para 2025-1<\/strong><\/p>\r\n<p><strong>Prazo de inscri\u00e7\u00e3o: At\u00e9 25 de mar\u00e7o de 2025<\/strong><\/p>\r\n<p>\r\n\r\n<\/p>\r\n<p><strong>Valor da Bolsa: R$ 420,00<\/strong><\/p>\r\n<p><a href=\"https:\/\/dre.crp.ufv.br\/wp-content\/uploads\/Edital_01-2025_Monitor_Inclusivo_CRP.docx_assinado.pdf\"><strong><span style=\"color: #0000ff;\">Edital Monitoria Inclusiva n\u00ba 01\/2025<\/span><\/strong><\/a><\/p>\r\n\r\n\r\n\r\n\r\n\r\n\r\n\r\n<p><a href=\"https:\/\/forms.gle\/QmyR2fcaJv2Rsf2a8\"><strong><span style=\"color: #0000ff;\">Formul\u00e1rio de Inscri\u00e7\u00e3o<\/span><\/strong><\/a><\/p>\r\n\r\n\r\n\r\n<p>&nbsp;<\/p>\r\n<h4>Resultado sele\u00e7\u00e3o<\/h4>\r\n<p>1 Vaga para o Curso de Agronomia<\/p>\r\n<p><a href=\"https:\/\/dre.crp.ufv.br\/wp-content\/uploads\/Resultado-Selecao-Agronomia-Ata-de-selecao.pdf\"><span style=\"color: #0000ff;\">Resultado Monitoria Inclusiva &#8211; Agronomia<\/span> <\/a><\/p>\r\n<p>\r\n\r\n<\/p>\r\n<p>1 Vaga para o Curso de Sistemas de Informa\u00e7\u00e3o<\/p>\r\n<p><span style=\"color: #0000ff;\"><a style=\"color: #0000ff;\" href=\"https:\/\/dre.crp.ufv.br\/wp-content\/uploads\/Ata-de-selecao-Sistemas-de-Informacao.pdf\">Resultado Monitoria Inclusiva &#8211; Sistemas de Informa\u00e7\u00e3o<\/a>\u00a0<\/span><\/p>\r\n<p>\r\n\r\n<\/p>\r\n<p>2 Vagas para o Curso de Ci\u00eancias Biol\u00f3gicas<\/p>\r\n<p><a href=\"https:\/\/dre.crp.ufv.br\/wp-content\/uploads\/Ata-de-Selecao-Ciencias-Biologicas.pdf\"><span style=\"color: #0000ff;\">Resultado Monitoria Inclusiva &#8211; Ci\u00eancias Biol\u00f3gicas<\/span><\/a><\/p>\r\n\r\n\r\n\r\n<p>&nbsp;<\/p>\r\n\r\n\r\n\r\n<p>&nbsp;<\/p>\r\n","protected":false},"excerpt":{"rendered":"<p>Sele\u00e7\u00e3o de Monitoria Inclusiva para 2026\/1 Prazo de inscri\u00e7\u00e3o: At\u00e9 15 de mar\u00e7o de 2026 Valor da bolsa: R$ 420,00 Edital Monitoria Inclusiva n\u00ba 01\/2026 Formul\u00e1rio de Inscri\u00e7\u00e3o &nbsp; Sele\u00e7\u00e3o de Monitoria Inclusiva para 2025-1 Prazo de inscri\u00e7\u00e3o: At\u00e9 25 de mar\u00e7o de 2025 Valor da Bolsa: R$ 420,00 Edital Monitoria Inclusiva n\u00ba 01\/2025 Formul\u00e1rio [&hellip;]<\/p>\n","protected":false},"author":4,"featured_media":0,"parent":0,"menu_order":0,"comment_status":"closed","ping_status":"closed","template":"","meta":{"footnotes":""},"class_list":["post-5469","page","type-page","status-publish","hentry"],"_links":{"self":[{"href":"https:\/\/dre.crp.ufv.br\/index.php?rest_route=\/wp\/v2\/pages\/5469","targetHints":{"allow":["GET"]}}],"collection":[{"href":"https:\/\/dre.crp.ufv.br\/index.php?rest_route=\/wp\/v2\/pages"}],"about":[{"href":"https:\/\/dre.crp.ufv.br\/index.php?rest_route=\/wp\/v2\/types\/page"}],"author":[{"embeddable":true,"href":"https:\/\/dre.crp.ufv.br\/index.php?rest_route=\/wp\/v2\/users\/4"}],"replies":[{"embeddable":true,"href":"https:\/\/dre.crp.ufv.br\/index.php?rest_route=%2Fwp%2Fv2%2Fcomments&post=5469"}],"version-history":[{"count":26,"href":"https:\/\/dre.crp.ufv.br\/index.php?rest_route=\/wp\/v2\/pages\/5469\/revisions"}],"predecessor-version":[{"id":5843,"href":"https:\/\/dre.crp.ufv.br\/index.php?rest_route=\/wp\/v2\/pages\/5469\/revisions\/5843"}],"wp:attachment":[{"href":"https:\/\/dre.crp.ufv.br\/index.php?rest_route=%2Fwp%2Fv2%2Fmedia&parent=5469"}],"curies":[{"name":"wp","href":"https:\/\/api.w.org\/{rel}","templated":true}]}}