{"id":5307,"date":"2025-02-13T13:33:52","date_gmt":"2025-02-13T16:33:52","guid":{"rendered":"https:\/\/dre.crp.ufv.br\/?page_id=5307"},"modified":"2025-04-04T20:16:39","modified_gmt":"2025-04-04T23:16:39","slug":"atendimento-educacional-especializado-2","status":"publish","type":"page","link":"https:\/\/dre.crp.ufv.br\/?page_id=5307","title":{"rendered":"Apoio Pedag\u00f3gico"},"content":{"rendered":"\r\n<p><a href=\"https:\/\/dre.crp.ufv.br\/?page_id=5388\" data-type=\"page\" data-id=\"5388\"><span style=\"color: #0000ff;\">Atendimento Educacional Especializado (AEE)<\/span><\/a><\/p>\r\n<p><span style=\"color: #0000ff;\"><a style=\"color: #0000ff;\" href=\"https:\/\/dre.crp.ufv.br\/?page_id=5316\" data-type=\"page\" data-id=\"5316\"><strong>Abertura de processo para AEE<\/strong><\/a><\/span><\/p>\r\n<p><span style=\"color: #0000ff;\"><strong><a style=\"color: #0000ff;\" href=\"https:\/\/dre.crp.ufv.br\/wp-content\/uploads\/Formulario-AEE-2025.docx\">Formul\u00e1rio AEE<\/a><\/strong><\/span><\/p>\r\n<p><span style=\"color: #0000ff;\"><a style=\"color: #0000ff;\" href=\"https:\/\/dre.crp.ufv.br\/?page_id=5325\" data-type=\"page\" data-id=\"5325\"><strong>Agendamento de provas<\/strong><\/a><\/span><\/p>\r\n<p><span style=\"color: #0000ff;\"><strong><a style=\"color: #0000ff;\" href=\"https:\/\/dre.crp.ufv.br\/?page_id=5434\" data-type=\"page\" data-id=\"5434\">Orienta\u00e7\u00e3o aos docentes <\/a><\/strong><\/span><\/p>\r\n<p><a href=\"https:\/\/dre.crp.ufv.br\/?page_id=5469\" data-type=\"page\" data-id=\"5469\"><strong><span style=\"color: #0000ff;\">Monitoria inclusiva &#8211; Editais<\/span><\/strong><\/a><\/p>\r\n<p>&nbsp;<\/p>\r\n","protected":false},"excerpt":{"rendered":"<p>Atendimento Educacional Especializado (AEE) Abertura de processo para AEE Formul\u00e1rio AEE Agendamento de provas Orienta\u00e7\u00e3o aos docentes Monitoria inclusiva &#8211; Editais &nbsp;<\/p>\n","protected":false},"author":4,"featured_media":0,"parent":0,"menu_order":0,"comment_status":"closed","ping_status":"closed","template":"","meta":{"footnotes":""},"class_list":["post-5307","page","type-page","status-publish","hentry"],"_links":{"self":[{"href":"https:\/\/dre.crp.ufv.br\/index.php?rest_route=\/wp\/v2\/pages\/5307","targetHints":{"allow":["GET"]}}],"collection":[{"href":"https:\/\/dre.crp.ufv.br\/index.php?rest_route=\/wp\/v2\/pages"}],"about":[{"href":"https:\/\/dre.crp.ufv.br\/index.php?rest_route=\/wp\/v2\/types\/page"}],"author":[{"embeddable":true,"href":"https:\/\/dre.crp.ufv.br\/index.php?rest_route=\/wp\/v2\/users\/4"}],"replies":[{"embeddable":true,"href":"https:\/\/dre.crp.ufv.br\/index.php?rest_route=%2Fwp%2Fv2%2Fcomments&post=5307"}],"version-history":[{"count":54,"href":"https:\/\/dre.crp.ufv.br\/index.php?rest_route=\/wp\/v2\/pages\/5307\/revisions"}],"predecessor-version":[{"id":5685,"href":"https:\/\/dre.crp.ufv.br\/index.php?rest_route=\/wp\/v2\/pages\/5307\/revisions\/5685"}],"wp:attachment":[{"href":"https:\/\/dre.crp.ufv.br\/index.php?rest_route=%2Fwp%2Fv2%2Fmedia&parent=5307"}],"curies":[{"name":"wp","href":"https:\/\/api.w.org\/{rel}","templated":true}]}}