{"id":5,"date":"2013-01-15T18:25:31","date_gmt":"2013-01-15T21:25:31","guid":{"rendered":"https:\/\/localhost\/dsa\/?page_id=5"},"modified":"2025-10-23T09:34:53","modified_gmt":"2025-10-23T12:34:53","slug":"menu1","status":"publish","type":"page","link":"https:\/\/dre.crp.ufv.br\/?page_id=5","title":{"rendered":"Conhe\u00e7a a DRE"},"content":{"rendered":"<p>A Diretoria de Ensino (DRE) \u00e9 o \u00f3rg\u00e3o respons\u00e1vel pela coordena\u00e7\u00e3o das atividades de ensino de gradua\u00e7\u00e3o da UFV Campus Rio Parana\u00edba.<\/p>\n<p>&nbsp;<\/p>\n<h4>Diretora de Ensino<\/h4>\n<p>Prof\u00aa. V\u00e2nia Maria Moreira Valente | Tel: (34) 3855-9332 | Tel:\u00a0<span style=\"color: #000000;\"><a href=\"https:\/\/wa.me\/553438559551\"><strong><span style=\"color: #0000ff;\">WhatsApp Institucional<\/span><\/strong><\/a><\/span> | E-mail: diretoriadeensino@ufv.br<\/p>\n<p>&nbsp;<\/p>\n<h4>Equipe T\u00e9cnica<\/h4>\n<p>Alexandro Costa | Tel: (34) 3855-9333 | E-mail: alexandro.costa@ufv.br<\/p>\n<p><span style=\"font-weight: 400;\">Cristiana Fialho<\/span> | Tel: (34) 3855-9358 | E-mail: cristiana.fialho@ufv.br<\/p>\n<p>Kely Resende | Tel: (34) 3855-9333 | E-mail: kelyresende@ufv.br<\/p>\n<p>Maria Gontijo | Tel:\u00a0<a href=\"https:\/\/wa.me\/553438559308\"><strong><span style=\"color: #0000ff;\">WhatsApp Institucional<\/span><\/strong><\/a> | E-mail: mariag.castro@ufv.br<\/p>\n<p>Marlus Freitas | Tel: (34) 3855-9359 | E-mail: marlus.freitas@ufv.br<\/p>\n<p>Rita Am\u00e9lia | Tel: (34) 3855-9359 | E-mail: rita.amelia@ufv.br<\/p>\n<p><strong>\u00a0<\/strong><\/p>\n","protected":false},"excerpt":{"rendered":"<p>A Diretoria de Ensino (DRE) \u00e9 o \u00f3rg\u00e3o respons\u00e1vel pela coordena\u00e7\u00e3o das atividades de ensino de gradua\u00e7\u00e3o da UFV Campus Rio Parana\u00edba. &nbsp; Diretora de Ensino Prof\u00aa. V\u00e2nia Maria Moreira Valente | Tel: (34) 3855-9332 | Tel:\u00a0WhatsApp Institucional | E-mail: diretoriadeensino@ufv.br &nbsp; Equipe T\u00e9cnica Alexandro Costa | Tel: (34) 3855-9333 | E-mail: alexandro.costa@ufv.br Cristiana Fialho [&hellip;]<\/p>\n","protected":false},"author":1,"featured_media":0,"parent":0,"menu_order":0,"comment_status":"closed","ping_status":"closed","template":"","meta":{"footnotes":""},"class_list":["post-5","page","type-page","status-publish","hentry"],"_links":{"self":[{"href":"https:\/\/dre.crp.ufv.br\/index.php?rest_route=\/wp\/v2\/pages\/5","targetHints":{"allow":["GET"]}}],"collection":[{"href":"https:\/\/dre.crp.ufv.br\/index.php?rest_route=\/wp\/v2\/pages"}],"about":[{"href":"https:\/\/dre.crp.ufv.br\/index.php?rest_route=\/wp\/v2\/types\/page"}],"author":[{"embeddable":true,"href":"https:\/\/dre.crp.ufv.br\/index.php?rest_route=\/wp\/v2\/users\/1"}],"replies":[{"embeddable":true,"href":"https:\/\/dre.crp.ufv.br\/index.php?rest_route=%2Fwp%2Fv2%2Fcomments&post=5"}],"version-history":[{"count":106,"href":"https:\/\/dre.crp.ufv.br\/index.php?rest_route=\/wp\/v2\/pages\/5\/revisions"}],"predecessor-version":[{"id":5786,"href":"https:\/\/dre.crp.ufv.br\/index.php?rest_route=\/wp\/v2\/pages\/5\/revisions\/5786"}],"wp:attachment":[{"href":"https:\/\/dre.crp.ufv.br\/index.php?rest_route=%2Fwp%2Fv2%2Fmedia&parent=5"}],"curies":[{"name":"wp","href":"https:\/\/api.w.org\/{rel}","templated":true}]}}