{"id":3778,"date":"2019-08-07T10:18:26","date_gmt":"2019-08-07T13:18:26","guid":{"rendered":"https:\/\/dre.crp.ufv.br\/?page_id=3778"},"modified":"2021-08-09T11:50:42","modified_gmt":"2021-08-09T14:50:42","slug":"instituto-de-ciencias-agrarias-editais-de-selecao-de-monitores","status":"publish","type":"page","link":"https:\/\/dre.crp.ufv.br\/?page_id=3778","title":{"rendered":"Editais de Sele\u00e7\u00e3o de Monitores &#8211; IAP"},"content":{"rendered":"<h3><strong>INSTITUTO DE CI\u00caNCIAS AGR\u00c1RIAS &#8211; IAP<\/strong><\/h3>\n<p>&nbsp;<\/p>\n<h2>Sele\u00e7\u00e3o de Monitores para o Per\u00edodo Especial Remoto (PER 3)<\/h2>\n<p>O Instituto de Ci\u00eancias Agr\u00e1rias publicou edital de sele\u00e7\u00e3o de monitores para atuar nas disciplinas do Instituto durante o Per\u00edodo Especial de Remoto (PER 3).<\/p>\n<p><strong>Inscri\u00e7\u00f5es: 09\/08\/2021 a 13\/08\/2021.<\/strong><\/p>\n<p>&nbsp;<\/p>\n<h2><span style=\"color: #ff0000;\"><strong>EDITAIS DE SELE\u00c7\u00c3O DE MONITORES<\/strong><\/span><\/h2>\n<p>&nbsp;<\/p>\n<p><a href=\"https:\/\/dre.crp.ufv.br\/wp-content\/uploads\/Edital-Sele\u00e7\u00e3o-Monitoria-PER-N\u00edvel-I-Profa-Fabr\u00edcia-CAL-351.pdf\">Edital N.\u00ba 01\/2021 &#8211; An\u00e1lise de Alimentos (CAL 351)<\/a><\/p>\n<p>Inscri\u00e7\u00f5es: 03 \u00e0 07 de Fevereiro &#8211; <span style=\"color: #ff0000;\">encerrado<\/span><\/p>\n<p><a href=\"https:\/\/dre.crp.ufv.br\/wp-content\/uploads\/Edital-Sele\u00e7\u00e3o-Monitoria-PER-N\u00edvel-I-Prfa-Isadora-CAL-360-e-CAL-482.pdf\">Edital N.\u00ba 02\/2021 &#8211; Princ\u00edpios de Conserva\u00e7\u00e3o de Alimentos (CAL 360) e Tecnologia de Frutas e Hortali\u00e7as (CAL 482)<\/a><\/p>\n<p>Inscri\u00e7\u00f5es: 03 \u00e0 07 de Fevereiro &#8211; <span style=\"color: #ff0000;\">encerrado<\/span><\/p>\n<p><a href=\"https:\/\/dre.crp.ufv.br\/wp-content\/uploads\/Edital-Sele\u00e7\u00e3o-Monitoria-PER-2-N\u00edvel-I-Prof-Vin\u00edcius-AGR-194.pdf\">Edital N.\u00ba 03\/2021 &#8211; Estat\u00edstica Experimental (AGR 194)<\/a><\/p>\n<p>Inscri\u00e7\u00f5es: 03 \u00e0 07 de Fevereiro &#8211; <span style=\"color: #ff0000;\">encerrado<\/span><\/p>\n<p><a href=\"https:\/\/dre.crp.ufv.br\/wp-content\/uploads\/Edital-Sele\u00e7\u00e3o-Monitoria-PER-N\u00edvel-I-Prof-Andr\u00e9-AGR-356.pdf\">Edital N\u00ba 04\/2021 &#8211; Fertilidade do Solo (AGR 356)<\/a><\/p>\n<p>Inscri\u00e7\u00f5es: 22 \u00e0 28 de Julho &#8211; <span style=\"color: #ff0000;\">encerrado<\/span><\/p>\n<p><a href=\"https:\/\/dre.crp.ufv.br\/wp-content\/uploads\/Edital-Sele\u00e7\u00e3o-Monitoria-PER-N\u00edvel-I-Prof-\u00c9zio-AGR-378-Reabertura.pdf\">Edital N.\u00ba 05\/2021 \u2013 Entomologia Agr\u00edcola (AGR 378)<\/a><\/p>\n<p>Inscri\u00e7\u00f5es: 09 \u00e0 13 de Agosto &#8211; <span style=\"color: #ff0000;\"><span style=\"color: #ff0000;\">reaberto<\/span><\/span><\/p>\n<p>&nbsp;<\/p>\n<h2><span style=\"color: #ff0000;\"><strong>FORMUL\u00c1RIOS &#8211;\u00a0<\/strong><strong>Monitorias do Per\u00edodo Especial Remoto (PER)<\/strong><\/span><\/h2>\n<p>&nbsp;<\/p>\n<p><a href=\"https:\/\/dre.crp.ufv.br\/wp-content\/uploads\/Edital_anexo-II_Requerimento-de-inscri\u00e7\u00e3o-PER-1.docx\">Requerimento de Inscri\u00e7\u00e3o &#8211; PER<\/a><\/p>\n<p><a href=\"https:\/\/dre.crp.ufv.br\/wp-content\/uploads\/Ata-de-sele\u00e7\u00e3o-Monitoria-per-sem-banca.docx\">Ata de sele\u00e7\u00e3o Monitoria &#8211; PER<\/a><\/p>\n<p><a href=\"https:\/\/dre.crp.ufv.br\/wp-content\/uploads\/Plano-de-Trabalho-do-Monitor-PER.docx\">Plano de Trabalho do Monitor &#8211; PER<\/a><\/p>\n<p><a href=\"https:\/\/dre.crp.ufv.br\/wp-content\/uploads\/Termo-de-Compromisso-de-Monitoria-BOLSISTA-PER.docx\">Termo de Compromisso &#8211; Remunerado &#8211; PER<\/a><\/p>\n<p><a href=\"https:\/\/dre.crp.ufv.br\/wp-content\/uploads\/Termo-de-Compromisso-de-Monitoria-VOLUNT\u00c1RIA-PER.docx\">Termo de Compromisso &#8211; Volunt\u00e1rio &#8211; PER<\/a><\/p>\n<p><a href=\"https:\/\/dre.crp.ufv.br\/wp-content\/uploads\/Relat\u00f3rio-de-Frequ\u00eancia-de-Monitoria-PER.docx\">Relat\u00f3rio de Frequ\u00eancia de Monitor &#8211; PER<\/a><\/p>\n<h3><\/h3>\n<p>&nbsp;<\/p>\n<p style=\"text-align: left;\"><strong>Observa\u00e7\u00f5es:<\/strong><\/p>\n<ul>\n<li style=\"text-align: left;\"><strong>Todo o processo de inscri\u00e7\u00e3o ser\u00e1 online e realizado atrav\u00e9s do preenchimento do requerimento dispon\u00edvel no link acima.<\/strong><\/li>\n<li style=\"text-align: left;\"><strong>No ato de inscri\u00e7\u00e3o, a documenta\u00e7\u00e3o exigida no edital dever\u00e1 ser enviada no e-mail do professor coordenador da disciplina conforme indicado no edital.<\/strong><\/li>\n<li style=\"text-align: left;\"><strong>O docente respons\u00e1vel pela sele\u00e7\u00e3o, encaminhar\u00e1 aos inscritos a confirma\u00e7\u00e3o da data da prova oral\/entrevista, a ser realizada de forma remota pelo uso de aplicativos.<\/strong><\/li>\n<\/ul>\n","protected":false},"excerpt":{"rendered":"<p>INSTITUTO DE CI\u00caNCIAS AGR\u00c1RIAS &#8211; IAP &nbsp; Sele\u00e7\u00e3o de Monitores para o Per\u00edodo Especial Remoto (PER 3) O Instituto de Ci\u00eancias Agr\u00e1rias publicou edital de sele\u00e7\u00e3o de monitores para atuar nas disciplinas do Instituto durante o Per\u00edodo Especial de Remoto (PER 3). Inscri\u00e7\u00f5es: 09\/08\/2021 a 13\/08\/2021. &nbsp; EDITAIS DE SELE\u00c7\u00c3O DE MONITORES &nbsp; Edital N.\u00ba [&hellip;]<\/p>\n","protected":false},"author":4,"featured_media":0,"parent":3771,"menu_order":0,"comment_status":"closed","ping_status":"closed","template":"","meta":{"footnotes":""},"class_list":["post-3778","page","type-page","status-publish","hentry"],"_links":{"self":[{"href":"https:\/\/dre.crp.ufv.br\/index.php?rest_route=\/wp\/v2\/pages\/3778","targetHints":{"allow":["GET"]}}],"collection":[{"href":"https:\/\/dre.crp.ufv.br\/index.php?rest_route=\/wp\/v2\/pages"}],"about":[{"href":"https:\/\/dre.crp.ufv.br\/index.php?rest_route=\/wp\/v2\/types\/page"}],"author":[{"embeddable":true,"href":"https:\/\/dre.crp.ufv.br\/index.php?rest_route=\/wp\/v2\/users\/4"}],"replies":[{"embeddable":true,"href":"https:\/\/dre.crp.ufv.br\/index.php?rest_route=%2Fwp%2Fv2%2Fcomments&post=3778"}],"version-history":[{"count":89,"href":"https:\/\/dre.crp.ufv.br\/index.php?rest_route=\/wp\/v2\/pages\/3778\/revisions"}],"predecessor-version":[{"id":4811,"href":"https:\/\/dre.crp.ufv.br\/index.php?rest_route=\/wp\/v2\/pages\/3778\/revisions\/4811"}],"up":[{"embeddable":true,"href":"https:\/\/dre.crp.ufv.br\/index.php?rest_route=\/wp\/v2\/pages\/3771"}],"wp:attachment":[{"href":"https:\/\/dre.crp.ufv.br\/index.php?rest_route=%2Fwp%2Fv2%2Fmedia&parent=3778"}],"curies":[{"name":"wp","href":"https:\/\/api.w.org\/{rel}","templated":true}]}}