{"id":3771,"date":"2019-08-07T09:55:09","date_gmt":"2019-08-07T12:55:09","guid":{"rendered":"https:\/\/dre.crp.ufv.br\/?page_id=3771"},"modified":"2025-10-08T09:38:17","modified_gmt":"2025-10-08T12:38:17","slug":"editais-de-selecao-de-monitoria-2019-ii","status":"publish","type":"page","link":"https:\/\/dre.crp.ufv.br\/?page_id=3771","title":{"rendered":"Sele\u00e7\u00e3o de Monitoria"},"content":{"rendered":"\r\n<p>Os Editais de Sele\u00e7\u00e3o de Monitoria s\u00e3o publicados pelos Institutos de Ci\u00eancias. Consulte na p\u00e1gina de cada Instituto o(s) Edital(ais) de seu interesse, confira as condi\u00e7\u00f5es e os procedimentos de inscri\u00e7\u00e3o.<\/p>\r\n<p>&nbsp;<\/p>\r\n<p><strong>Editais\u00a0 <\/strong><\/p>\r\n\r\n\r\n\r\n<p><a href=\"https:\/\/iap.crp.ufv.br\/\"><span style=\"color: #0000ff;\">Instituto de Ci\u00eancias Agr\u00e1rias<\/span><\/a><\/p>\r\n\r\n\r\n\r\n<p><a href=\"https:\/\/ibp.crp.ufv.br\/\"><span style=\"color: #0000ff;\">Instituto de Ci\u00eancias Biol\u00f3gicas e da Sa\u00fade<\/span><\/a><\/p>\r\n\r\n\r\n\r\n<p><a href=\"https:\/\/iep.crp.ufv.br\/?page_id=2220\"><span style=\"color: #0000ff;\">Instituto de Ci\u00eancias Exatas e Tecnol\u00f3gicas<\/span><\/a><\/p>\r\n\r\n\r\n\r\n<p><a href=\"https:\/\/ihp.crp.ufv.br\/?page_id=2220\"><span style=\"color: #0000ff;\">Instituto de Ci\u00eancias Humanas e Sociais<\/span><\/a><\/p>\r\n<p>&nbsp;<\/p>\r\n<p><strong><a href=\"https:\/\/dre.crp.ufv.br\/?page_id=4266\" data-type=\"page\" data-id=\"4266\"><span style=\"color: #0000ff;\">Formul\u00e1rios<\/span><\/a><\/strong><\/p>\r\n<p><strong><a href=\"https:\/\/dre.crp.ufv.br\/?page_id=5486\"><span style=\"color: #0000ff;\">Orienta\u00e7\u00f5es<\/span><\/a><\/strong><\/p>\r\n<p>&nbsp;<\/p>\r\n<p><strong>CONTATO:<\/strong><\/p>\r\n\r\n\r\n\r\n<p>Tel: <strong>(34) 3855-9359\u00a0<\/strong> <strong>\u00a0 \u00a0<\/strong><\/p>\r\n\r\n\r\n\r\n<p>E-mail:<strong> monitoriatutoriacrp@ufv.br<\/strong><\/p>\r\n\r\n\r\n\r\n<p>Biblioteca Central &#8211; <strong>Sala BBT 202<\/strong><\/p>\r\n","protected":false},"excerpt":{"rendered":"<p>Os Editais de Sele\u00e7\u00e3o de Monitoria s\u00e3o publicados pelos Institutos de Ci\u00eancias. Consulte na p\u00e1gina de cada Instituto o(s) Edital(ais) de seu interesse, confira as condi\u00e7\u00f5es e os procedimentos de inscri\u00e7\u00e3o. &nbsp; Editais\u00a0 Instituto de Ci\u00eancias Agr\u00e1rias Instituto de Ci\u00eancias Biol\u00f3gicas e da Sa\u00fade Instituto de Ci\u00eancias Exatas e Tecnol\u00f3gicas Instituto de Ci\u00eancias Humanas e [&hellip;]<\/p>\n","protected":false},"author":4,"featured_media":0,"parent":161,"menu_order":0,"comment_status":"closed","ping_status":"closed","template":"","meta":{"footnotes":""},"class_list":["post-3771","page","type-page","status-publish","hentry"],"_links":{"self":[{"href":"https:\/\/dre.crp.ufv.br\/index.php?rest_route=\/wp\/v2\/pages\/3771","targetHints":{"allow":["GET"]}}],"collection":[{"href":"https:\/\/dre.crp.ufv.br\/index.php?rest_route=\/wp\/v2\/pages"}],"about":[{"href":"https:\/\/dre.crp.ufv.br\/index.php?rest_route=\/wp\/v2\/types\/page"}],"author":[{"embeddable":true,"href":"https:\/\/dre.crp.ufv.br\/index.php?rest_route=\/wp\/v2\/users\/4"}],"replies":[{"embeddable":true,"href":"https:\/\/dre.crp.ufv.br\/index.php?rest_route=%2Fwp%2Fv2%2Fcomments&post=3771"}],"version-history":[{"count":46,"href":"https:\/\/dre.crp.ufv.br\/index.php?rest_route=\/wp\/v2\/pages\/3771\/revisions"}],"predecessor-version":[{"id":5749,"href":"https:\/\/dre.crp.ufv.br\/index.php?rest_route=\/wp\/v2\/pages\/3771\/revisions\/5749"}],"up":[{"embeddable":true,"href":"https:\/\/dre.crp.ufv.br\/index.php?rest_route=\/wp\/v2\/pages\/161"}],"wp:attachment":[{"href":"https:\/\/dre.crp.ufv.br\/index.php?rest_route=%2Fwp%2Fv2%2Fmedia&parent=3771"}],"curies":[{"name":"wp","href":"https:\/\/api.w.org\/{rel}","templated":true}]}}