{"id":10,"date":"2013-01-16T17:56:08","date_gmt":"2013-01-16T17:56:08","guid":{"rendered":"https:\/\/localhost\/dsa\/?page_id=10"},"modified":"2025-10-23T09:06:17","modified_gmt":"2025-10-23T12:06:17","slug":"menu2","status":"publish","type":"page","link":"https:\/\/dre.crp.ufv.br\/?page_id=10","title":{"rendered":"Estrutura Organizacional"},"content":{"rendered":"<h4 align=\"left\"><\/h4>\n<h4 style=\"text-align: left;\" align=\"left\">Secretaria<\/h4>\n<p style=\"text-align: left;\" align=\"left\"><span style=\"color: #000000;\">Sala BBT 203 | Tel: (34) 3855-9333<\/span><\/p>\n<p><span style=\"color: #000000;\">E-mail: diretoriadeensino@ufv.br<\/span><\/p>\n<p>&nbsp;<\/p>\n<h4 style=\"text-align: left;\" align=\"left\">Diretoria de Ensino<\/h4>\n<p style=\"text-align: left;\" align=\"left\"><span style=\"color: #000000;\">Sala BBT 211 | Tel: (34) 3855-9332 | Tel: <a href=\"https:\/\/wa.me\/553438559551\"><strong><span style=\"color: #0000ff;\">WhatsApp Institucional<\/span><\/strong><\/a><\/span><\/p>\n<p><span style=\"color: #000000;\">E-mails: diretoriadeensino@ufv.br \/\/ vvalente@ufv.br<\/span><\/p>\n<p>&nbsp;<\/p>\n<h4 align=\"left\"><a href=\"https:\/\/dre.crp.ufv.br\/?page_id=5307\"><span style=\"color: #0000ff;\">Setor de Apoio Pedag\u00f3gico<\/span><\/a><\/h4>\n<p align=\"left\">Sala PVA 235 | Tel: <a href=\"https:\/\/wa.me\/553438559308\"><strong><span style=\"color: #0000ff;\">WhatsApp Institucional<\/span><\/strong><\/a><\/p>\n<p align=\"left\">E-mail: apoiopedagogico.crp@ufv.br<\/p>\n<p>&nbsp;<\/p>\n<h4 align=\"left\"><a href=\"https:\/\/dre.crp.ufv.br\/?page_id=161\"><span style=\"color: #0000ff;\">Setor de Monitoria e Tutoria<\/span><\/a><\/h4>\n<p>Sala BBT 202 |Tel: (34) 3855-9359<\/p>\n<p>E-mail: monitoriatutoriacrp@ufv.br<\/p>\n<p>&nbsp;<\/p>\n<h4 align=\"left\">Setor de Apoio \u00e0 Gradua\u00e7\u00e3o<\/h4>\n<p>Sala LAE 149 |Tel: (34) 3855-9300<\/p>\n<p>E-mail: copiasufvcrp@gmail.com<\/p>\n<p>&nbsp;<\/p>\n<h4>Secretaria de Apoio \u00e0s Coordena\u00e7\u00f5es de Curso<\/h4>\n<p>Sala LAE 141 |Tel: (34) 3855-9552<\/p>\n<p>E-mail: seccoord.crp@ufv.br<\/p>\n<p>&nbsp;<\/p>\n<h4 align=\"left\"><a href=\"http:\/\/res.crp.ufv.br\"><span style=\"color: #0000ff;\">Servi\u00e7o de Registro Escolar<\/span><\/a><\/h4>\n<p>Sala BBT 216<\/p>\n<p>Tel(s): (34) 3855-9304 | (34) 3855-9305 |\u00a0(34) 3855-9306 |\u00a0(34) 3855-9307<\/p>\n<p>E-mail: registrocrp@ufv.br<\/p>\n<p>&nbsp;<\/p>\n<h4><a href=\"https:\/\/bbt.crp.ufv.br\/\"><span style=\"color: #0000ff;\">Biblioteca Central<\/span><\/a><\/h4>\n<p>Sala BBT 111 | Tel: (34) 3855-9301<\/p>\n<p>E-mail: bibliotecaufvcrp@ufv.br<\/p>\n<p>&nbsp;<\/p>\n","protected":false},"excerpt":{"rendered":"<p>Secretaria Sala BBT 203 | Tel: (34) 3855-9333 E-mail: diretoriadeensino@ufv.br &nbsp; Diretoria de Ensino Sala BBT 211 | Tel: (34) 3855-9332 | Tel: WhatsApp Institucional E-mails: diretoriadeensino@ufv.br \/\/ vvalente@ufv.br &nbsp; Setor de Apoio Pedag\u00f3gico Sala PVA 235 | Tel: WhatsApp Institucional E-mail: apoiopedagogico.crp@ufv.br &nbsp; Setor de Monitoria e Tutoria Sala BBT 202 |Tel: (34) 3855-9359 [&hellip;]<\/p>\n","protected":false},"author":1,"featured_media":0,"parent":0,"menu_order":0,"comment_status":"closed","ping_status":"closed","template":"","meta":{"footnotes":""},"class_list":["post-10","page","type-page","status-publish","hentry"],"_links":{"self":[{"href":"https:\/\/dre.crp.ufv.br\/index.php?rest_route=\/wp\/v2\/pages\/10","targetHints":{"allow":["GET"]}}],"collection":[{"href":"https:\/\/dre.crp.ufv.br\/index.php?rest_route=\/wp\/v2\/pages"}],"about":[{"href":"https:\/\/dre.crp.ufv.br\/index.php?rest_route=\/wp\/v2\/types\/page"}],"author":[{"embeddable":true,"href":"https:\/\/dre.crp.ufv.br\/index.php?rest_route=\/wp\/v2\/users\/1"}],"replies":[{"embeddable":true,"href":"https:\/\/dre.crp.ufv.br\/index.php?rest_route=%2Fwp%2Fv2%2Fcomments&post=10"}],"version-history":[{"count":158,"href":"https:\/\/dre.crp.ufv.br\/index.php?rest_route=\/wp\/v2\/pages\/10\/revisions"}],"predecessor-version":[{"id":5781,"href":"https:\/\/dre.crp.ufv.br\/index.php?rest_route=\/wp\/v2\/pages\/10\/revisions\/5781"}],"wp:attachment":[{"href":"https:\/\/dre.crp.ufv.br\/index.php?rest_route=%2Fwp%2Fv2%2Fmedia&parent=10"}],"curies":[{"name":"wp","href":"https:\/\/api.w.org\/{rel}","templated":true}]}}